{"id":541,"date":"2018-11-27T09:17:08","date_gmt":"2018-11-27T14:17:08","guid":{"rendered":"https:\/\/tertuliahijosdelamontana.com\/index.php\/about\/"},"modified":"2023-07-13T11:21:17","modified_gmt":"2023-07-13T16:21:17","slug":"sobre-nosotros","status":"publish","type":"page","link":"https:\/\/tertuliahijosdelamontana.com\/index.php\/sobre-nosotros\/","title":{"rendered":"Sobre Nosotros"},"content":{"rendered":"\t\t<div data-elementor-type=\"wp-post\" data-elementor-id=\"541\" class=\"elementor elementor-541\">\n\t\t\t\t\t\t<section class=\"elementor-section elementor-top-section elementor-element elementor-element-d7d8b56 elementor-section-boxed elementor-section-height-default elementor-section-height-default\" data-id=\"d7d8b56\" data-element_type=\"section\" data-settings=\"{&quot;background_background&quot;:&quot;classic&quot;}\">\n\t\t\t\t\t\t\t<div class=\"elementor-background-overlay\"><\/div>\n\t\t\t\t\t\t\t<div class=\"elementor-container elementor-column-gap-default\">\n\t\t\t\t\t<div class=\"elementor-column elementor-col-100 elementor-top-column elementor-element elementor-element-fd69444\" data-id=\"fd69444\" data-element_type=\"column\">\n\t\t\t<div class=\"elementor-widget-wrap elementor-element-populated\">\n\t\t\t\t\t\t<div class=\"elementor-element elementor-element-abcc2f2 elementor-widget elementor-widget-heading\" data-id=\"abcc2f2\" data-element_type=\"widget\" data-widget_type=\"heading.default\">\n\t\t\t\t<div class=\"elementor-widget-container\">\n\t\t\t\t\t<h1 class=\"elementor-heading-title elementor-size-default\">QUI\u00c9NES SOMOS<\/h1>\t\t\t\t<\/div>\n\t\t\t\t<\/div>\n\t\t\t\t\t<\/div>\n\t\t<\/div>\n\t\t\t\t\t<\/div>\n\t\t<\/section>\n\t\t\t\t<section class=\"elementor-section elementor-top-section elementor-element elementor-element-5c40d7b elementor-section-boxed elementor-section-height-default elementor-section-height-default\" data-id=\"5c40d7b\" data-element_type=\"section\">\n\t\t\t\t\t\t<div class=\"elementor-container elementor-column-gap-default\">\n\t\t\t\t\t<div class=\"elementor-column elementor-col-50 elementor-top-column elementor-element elementor-element-2ebbf9c\" data-id=\"2ebbf9c\" data-element_type=\"column\">\n\t\t\t<div class=\"elementor-widget-wrap elementor-element-populated\">\n\t\t\t\t\t\t<div class=\"elementor-element elementor-element-fe195c7 elementor-widget elementor-widget-heading\" data-id=\"fe195c7\" data-element_type=\"widget\" data-widget_type=\"heading.default\">\n\t\t\t\t<div class=\"elementor-widget-container\">\n\t\t\t\t\t<h2 class=\"elementor-heading-title elementor-size-default\">QUI\u00c9NES SOMOS<\/h2>\t\t\t\t<\/div>\n\t\t\t\t<\/div>\n\t\t\t\t<div class=\"elementor-element elementor-element-dc051dd elementor-widget-divider--view-line elementor-widget elementor-widget-divider\" data-id=\"dc051dd\" data-element_type=\"widget\" data-widget_type=\"divider.default\">\n\t\t\t\t<div class=\"elementor-widget-container\">\n\t\t\t\t\t\t\t<div class=\"elementor-divider\">\n\t\t\t<span class=\"elementor-divider-separator\">\n\t\t\t\t\t\t<\/span>\n\t\t<\/div>\n\t\t\t\t\t\t<\/div>\n\t\t\t\t<\/div>\n\t\t\t\t<div class=\"elementor-element elementor-element-e5f497e elementor-widget elementor-widget-text-editor\" data-id=\"e5f497e\" data-element_type=\"widget\" data-widget_type=\"text-editor.default\">\n\t\t\t\t<div class=\"elementor-widget-container\">\n\t\t\t\t\t\t\t\t\t<p>Somos la TERTULIA HIJOS DE LA MONTA\u00d1A, un grupo de ciudadanos que aportan sus conocimientos y su trabajo generoso para lograr el rescate, protecci\u00f3n, visibilizaci\u00f3n y florecimiento de la identidad cultural de los antioque\u00f1os y el pueblo paisa.<\/p>\t\t\t\t\t\t\t\t<\/div>\n\t\t\t\t<\/div>\n\t\t\t\t\t<\/div>\n\t\t<\/div>\n\t\t\t\t<div class=\"elementor-column elementor-col-50 elementor-top-column elementor-element elementor-element-e5fdae0\" data-id=\"e5fdae0\" data-element_type=\"column\">\n\t\t\t<div class=\"elementor-widget-wrap elementor-element-populated\">\n\t\t\t\t\t\t<div class=\"elementor-element elementor-element-96b5b53 elementor-widget elementor-widget-image\" data-id=\"96b5b53\" data-element_type=\"widget\" data-widget_type=\"image.default\">\n\t\t\t\t<div class=\"elementor-widget-container\">\n\t\t\t\t\t\t\t\t\t\t\t\t\t\t\t<img fetchpriority=\"high\" decoding=\"async\" width=\"1600\" height=\"1200\" src=\"https:\/\/tertuliahijosdelamontana.com\/wp-content\/uploads\/2023\/07\/WhatsApp-Image-2023-07-13-at-10.47.28-AM.jpeg\" class=\"attachment-full size-full wp-image-604\" alt=\"tertulia hijos de la monta\u00f1a\" srcset=\"https:\/\/tertuliahijosdelamontana.com\/wp-content\/uploads\/2023\/07\/WhatsApp-Image-2023-07-13-at-10.47.28-AM.jpeg 1600w, https:\/\/tertuliahijosdelamontana.com\/wp-content\/uploads\/2023\/07\/WhatsApp-Image-2023-07-13-at-10.47.28-AM-300x225.jpeg 300w, https:\/\/tertuliahijosdelamontana.com\/wp-content\/uploads\/2023\/07\/WhatsApp-Image-2023-07-13-at-10.47.28-AM-1024x768.jpeg 1024w, https:\/\/tertuliahijosdelamontana.com\/wp-content\/uploads\/2023\/07\/WhatsApp-Image-2023-07-13-at-10.47.28-AM-768x576.jpeg 768w, https:\/\/tertuliahijosdelamontana.com\/wp-content\/uploads\/2023\/07\/WhatsApp-Image-2023-07-13-at-10.47.28-AM-1536x1152.jpeg 1536w\" sizes=\"(max-width: 1600px) 100vw, 1600px\" \/>\t\t\t\t\t\t\t\t\t\t\t\t\t\t\t<\/div>\n\t\t\t\t<\/div>\n\t\t\t\t\t<\/div>\n\t\t<\/div>\n\t\t\t\t\t<\/div>\n\t\t<\/section>\n\t\t\t\t<section class=\"elementor-section elementor-top-section elementor-element elementor-element-e90a943 elementor-section-boxed elementor-section-height-default elementor-section-height-default\" data-id=\"e90a943\" data-element_type=\"section\">\n\t\t\t\t\t\t<div class=\"elementor-container elementor-column-gap-default\">\n\t\t\t\t\t<div class=\"elementor-column elementor-col-33 elementor-top-column elementor-element elementor-element-2126f92\" data-id=\"2126f92\" data-element_type=\"column\">\n\t\t\t<div class=\"elementor-widget-wrap elementor-element-populated\">\n\t\t\t\t\t\t<div class=\"elementor-element elementor-element-43a347a elementor-widget elementor-widget-heading\" data-id=\"43a347a\" data-element_type=\"widget\" data-widget_type=\"heading.default\">\n\t\t\t\t<div class=\"elementor-widget-container\">\n\t\t\t\t\t<h4 class=\"elementor-heading-title elementor-size-default\">Nuestro Prop\u00f3sito<\/h4>\t\t\t\t<\/div>\n\t\t\t\t<\/div>\n\t\t\t\t<div class=\"elementor-element elementor-element-7818b1a elementor-widget-divider--view-line elementor-widget elementor-widget-divider\" data-id=\"7818b1a\" data-element_type=\"widget\" data-widget_type=\"divider.default\">\n\t\t\t\t<div class=\"elementor-widget-container\">\n\t\t\t\t\t\t\t<div class=\"elementor-divider\">\n\t\t\t<span class=\"elementor-divider-separator\">\n\t\t\t\t\t\t<\/span>\n\t\t<\/div>\n\t\t\t\t\t\t<\/div>\n\t\t\t\t<\/div>\n\t\t\t\t<div class=\"elementor-element elementor-element-d8f9f49 elementor-widget elementor-widget-text-editor\" data-id=\"d8f9f49\" data-element_type=\"widget\" data-widget_type=\"text-editor.default\">\n\t\t\t\t<div class=\"elementor-widget-container\">\n\t\t\t\t\t\t\t\t\t<p>Contribuimos al rescate, estudio, investigaci\u00f3n y divulgaci\u00f3n de la historia, cultura y costumbres del departamento de Antioquia y la regi\u00f3n paisa que se extiende por varios departamentos de Colombia, enfocados en la promoci\u00f3n y visibilizaci\u00f3n de toda manifestaci\u00f3n de la cultura aut\u00f3ctona hacia Colombia y el mundo, buscando el fortalecimiento de la identidad cultural de nuestro departamento.<\/p>\t\t\t\t\t\t\t\t<\/div>\n\t\t\t\t<\/div>\n\t\t\t\t\t<\/div>\n\t\t<\/div>\n\t\t\t\t<div class=\"elementor-column elementor-col-33 elementor-top-column elementor-element elementor-element-e03a328\" data-id=\"e03a328\" data-element_type=\"column\">\n\t\t\t<div class=\"elementor-widget-wrap elementor-element-populated\">\n\t\t\t\t\t\t<div class=\"elementor-element elementor-element-903c186 elementor-widget elementor-widget-heading\" data-id=\"903c186\" data-element_type=\"widget\" data-widget_type=\"heading.default\">\n\t\t\t\t<div class=\"elementor-widget-container\">\n\t\t\t\t\t<h4 class=\"elementor-heading-title elementor-size-default\">Como Lo Hacemos<\/h4>\t\t\t\t<\/div>\n\t\t\t\t<\/div>\n\t\t\t\t<div class=\"elementor-element elementor-element-23d597c elementor-widget-divider--view-line elementor-widget elementor-widget-divider\" data-id=\"23d597c\" data-element_type=\"widget\" data-widget_type=\"divider.default\">\n\t\t\t\t<div class=\"elementor-widget-container\">\n\t\t\t\t\t\t\t<div class=\"elementor-divider\">\n\t\t\t<span class=\"elementor-divider-separator\">\n\t\t\t\t\t\t<\/span>\n\t\t<\/div>\n\t\t\t\t\t\t<\/div>\n\t\t\t\t<\/div>\n\t\t\t\t<div class=\"elementor-element elementor-element-6d1a71e elementor-widget elementor-widget-text-editor\" data-id=\"6d1a71e\" data-element_type=\"widget\" data-widget_type=\"text-editor.default\">\n\t\t\t\t<div class=\"elementor-widget-container\">\n\t\t\t\t\t\t\t\t\t<p>Somos gestores culturales de programas y proyectos en los que se aprecia la cultura de Antioquia, los cuales se desarrollan en el marco de eventos como Tertulias, charlas, conferencias, conversatorios, debates, sobre temas hist\u00f3ricos pertinentes a la cultura.<\/p>\t\t\t\t\t\t\t\t<\/div>\n\t\t\t\t<\/div>\n\t\t\t\t\t<\/div>\n\t\t<\/div>\n\t\t\t\t<div class=\"elementor-column elementor-col-33 elementor-top-column elementor-element elementor-element-2a629ee\" data-id=\"2a629ee\" data-element_type=\"column\">\n\t\t\t<div class=\"elementor-widget-wrap elementor-element-populated\">\n\t\t\t\t\t\t<div class=\"elementor-element elementor-element-e1e7732 elementor-widget elementor-widget-heading\" data-id=\"e1e7732\" data-element_type=\"widget\" data-widget_type=\"heading.default\">\n\t\t\t\t<div class=\"elementor-widget-container\">\n\t\t\t\t\t<h4 class=\"elementor-heading-title elementor-size-default\">A Futuro Nos Vemos<\/h4>\t\t\t\t<\/div>\n\t\t\t\t<\/div>\n\t\t\t\t<div class=\"elementor-element elementor-element-240547d elementor-widget-divider--view-line elementor-widget elementor-widget-divider\" data-id=\"240547d\" data-element_type=\"widget\" data-widget_type=\"divider.default\">\n\t\t\t\t<div class=\"elementor-widget-container\">\n\t\t\t\t\t\t\t<div class=\"elementor-divider\">\n\t\t\t<span class=\"elementor-divider-separator\">\n\t\t\t\t\t\t<\/span>\n\t\t<\/div>\n\t\t\t\t\t\t<\/div>\n\t\t\t\t<\/div>\n\t\t\t\t<div class=\"elementor-element elementor-element-5252492 elementor-widget elementor-widget-text-editor\" data-id=\"5252492\" data-element_type=\"widget\" data-widget_type=\"text-editor.default\">\n\t\t\t\t<div class=\"elementor-widget-container\">\n\t\t\t\t\t\t\t\t\t<p>Como l\u00edderes en la gesti\u00f3n cultural haciendo presencia en los 125 municipios del departamento a trav\u00e9s de una oferta cultural que impacta sobre el turismo interno \u00a0y atrae p\u00fablicos nuevos hacia los municipios propiciando que se eleve el orgullo del pueblo antique\u00f1o y paisa en torno a su g\u00e9nesis.<\/p>\t\t\t\t\t\t\t\t<\/div>\n\t\t\t\t<\/div>\n\t\t\t\t\t<\/div>\n\t\t<\/div>\n\t\t\t\t\t<\/div>\n\t\t<\/section>\n\t\t\t\t<section class=\"elementor-section elementor-top-section elementor-element elementor-element-2a87e86 elementor-section-boxed elementor-section-height-default elementor-section-height-default\" data-id=\"2a87e86\" data-element_type=\"section\">\n\t\t\t\t\t\t<div class=\"elementor-container elementor-column-gap-default\">\n\t\t\t\t\t<div class=\"elementor-column elementor-col-100 elementor-top-column elementor-element elementor-element-87795e1\" data-id=\"87795e1\" data-element_type=\"column\">\n\t\t\t<div class=\"elementor-widget-wrap elementor-element-populated\">\n\t\t\t\t\t\t<div class=\"elementor-element elementor-element-66d2b99 elementor-widget elementor-widget-heading\" data-id=\"66d2b99\" data-element_type=\"widget\" data-widget_type=\"heading.default\">\n\t\t\t\t<div class=\"elementor-widget-container\">\n\t\t\t\t\t<h2 class=\"elementor-heading-title elementor-size-default\">principios que nos mueven<\/h2>\t\t\t\t<\/div>\n\t\t\t\t<\/div>\n\t\t\t\t<div class=\"elementor-element elementor-element-77182d2 elementor-widget-divider--view-line elementor-widget elementor-widget-divider\" data-id=\"77182d2\" data-element_type=\"widget\" data-widget_type=\"divider.default\">\n\t\t\t\t<div class=\"elementor-widget-container\">\n\t\t\t\t\t\t\t<div class=\"elementor-divider\">\n\t\t\t<span class=\"elementor-divider-separator\">\n\t\t\t\t\t\t<\/span>\n\t\t<\/div>\n\t\t\t\t\t\t<\/div>\n\t\t\t\t<\/div>\n\t\t\t\t<div class=\"elementor-element elementor-element-3e92aa5 elementor-widget elementor-widget-text-editor\" data-id=\"3e92aa5\" data-element_type=\"widget\" data-widget_type=\"text-editor.default\">\n\t\t\t\t<div class=\"elementor-widget-container\">\n\t\t\t\t\t\t\t\t\t<ol><li>Contribuimos al mejoramiento del patrimonio arquitect\u00f3nico e hist\u00f3rico de Antioquia.<\/li><\/ol><ul><li>En el mantenimiento del Teatro Municipal Margarita Mar\u00eda Monsalve Estrada de Santo Domingo, construido en 1929. La Fundaci\u00f3n Hijos de la Monta\u00f1a gestion\u00f3 a trav\u00e9s de los patrocinios de Generadora Alejandr\u00eda, Telas Diego Ram\u00edrez, Luz Mila Ram\u00edrez y Federaci\u00f3n de Cafeteros, los recursos necesarios para el cumplimiento de dicho prop\u00f3sito.<\/li><li>La restauraci\u00f3n de las im\u00e1genes religiosas de la PARROQUIA NUESTRA SE\u00d1ORA DE LAS NIEVES, del municipio de Olaya Antioquia.<\/li><li>A la visibilizaci\u00f3n del Puente de Occidente en la subregi\u00f3n de occidente con la urgente necesidad de su restauraci\u00f3n y mantenimiento.<\/li><li>Restauraci\u00f3n de la tumba del ingeniero Alejandro L\u00f3pez Restrepo, dise\u00f1ador del T\u00fanel de la Quiebra, Santo domingo Antioquia.<\/li><\/ul><p>\u00a0<\/p><ol start=\"2\"><li>Fortalecer y visibilizar la cultura y el arte del pueblo antioque\u00f1o, creando espacios para disfrutar de toda manifestaci\u00f3n musical, literaria y de artes gr\u00e1ficas que promueva la cultura antioque\u00f1a.<\/li><\/ol><ul><li>Creamos el programa cultural, Tertulia, Antioquia una historia cantada de la que se desarrollaron dos versiones, en los municipios antioque\u00f1os de Santo Domingo y Olaya.<\/li><li>Se esta desarrollando el proyecto literario, que se plasmar\u00e1 en un libro titulado: Antioque\u00f1os haciendo la historia, la historia viva de Antioquia.<\/li><li>El programa parviando por Antioquia se desarrolla entre los municipios de Santo Domingo y Cisneros con el conversatorio: PASADO Y FUTURO DEL FERROCARRIL DEL ANTIOQUIA.<\/li><\/ul><p>\u00a0<\/p><ol start=\"3\"><li>Creamos una comunidad en torno a la cultura de Antioquia: Mas de 500 personas han asistido a los eventos propuestos por la Fundaci\u00f3n en su primer a\u00f1o. Actualmente este grupo hace parte de nuestra base de datos, un grupo atra\u00eddo por acompa\u00f1ar los eventos que promuevan la cultura.<\/li><\/ol><p>\u00a0<\/p><ol start=\"4\"><li>Contribuimos en el mejoramiento de la econom\u00eda de los municipios de Antioquia.<\/li><\/ol><p>Nuestros programas: tertulia, Antioquia una historia cantada y Parviando Por Antioquia son estrategias art\u00edsticas y culturales que est\u00e1n incentivando \u00a0el desplazamiento de las personas de la ciudad hacia los municipios e incluso entre municipios reactivando el \u00a0turismo y la econom\u00eda de los municipios a los que llegamos con nuestra propuesta.<\/p>\t\t\t\t\t\t\t\t<\/div>\n\t\t\t\t<\/div>\n\t\t\t\t\t<\/div>\n\t\t<\/div>\n\t\t\t\t\t<\/div>\n\t\t<\/section>\n\t\t\t\t<\/div>\n\t\t","protected":false},"excerpt":{"rendered":"<p>QUI\u00c9NES SOMOS QUI\u00c9NES SOMOS Somos la TERTULIA HIJOS DE LA MONTA\u00d1A, un grupo de ciudadanos que aportan sus conocimientos y su trabajo generoso para lograr el rescate, protecci\u00f3n, visibilizaci\u00f3n y florecimiento de la identidad cultural de los antioque\u00f1os y el pueblo paisa. Nuestro Prop\u00f3sito Contribuimos al rescate, estudio, investigaci\u00f3n y divulgaci\u00f3n de la historia, cultura &hellip;<\/p>\n<p class=\"read-more\"> <a class=\"\" href=\"https:\/\/tertuliahijosdelamontana.com\/index.php\/sobre-nosotros\/\"> <span class=\"screen-reader-text\">Sobre Nosotros<\/span> Read More &raquo;<\/a><\/p>\n","protected":false},"author":1,"featured_media":0,"parent":0,"menu_order":0,"comment_status":"closed","ping_status":"closed","template":"","meta":{"_uag_custom_page_level_css":"","site-sidebar-layout":"no-sidebar","site-content-layout":"page-builder","ast-site-content-layout":"","site-content-style":"default","site-sidebar-style":"default","ast-global-header-display":"","ast-banner-title-visibility":"","ast-main-header-display":"","ast-hfb-above-header-display":"","ast-hfb-below-header-display":"","ast-hfb-mobile-header-display":"","site-post-title":"disabled","ast-breadcrumbs-content":"","ast-featured-img":"disabled","footer-sml-layout":"","theme-transparent-header-meta":"enabled","adv-header-id-meta":"","stick-header-meta":"","header-above-stick-meta":"","header-main-stick-meta":"","header-below-stick-meta":"","astra-migrate-meta-layouts":"","footnotes":""},"class_list":["post-541","page","type-page","status-publish","hentry"],"uagb_featured_image_src":{"full":false,"thumbnail":false,"medium":false,"medium_large":false,"large":false,"1536x1536":false,"2048x2048":false},"uagb_author_info":{"display_name":"tertuliahijosdelamontana.com","author_link":"https:\/\/tertuliahijosdelamontana.com\/index.php\/author\/tertuliahijosdelamontana-com\/"},"uagb_comment_info":0,"uagb_excerpt":"QUI\u00c9NES SOMOS QUI\u00c9NES SOMOS Somos la TERTULIA HIJOS DE LA MONTA\u00d1A, un grupo de ciudadanos que aportan sus conocimientos y su trabajo generoso para lograr el rescate, protecci\u00f3n, visibilizaci\u00f3n y florecimiento de la identidad cultural de los antioque\u00f1os y el pueblo paisa. Nuestro Prop\u00f3sito Contribuimos al rescate, estudio, investigaci\u00f3n y divulgaci\u00f3n de la historia, cultura&hellip;","_links":{"self":[{"href":"https:\/\/tertuliahijosdelamontana.com\/index.php\/wp-json\/wp\/v2\/pages\/541","targetHints":{"allow":["GET"]}}],"collection":[{"href":"https:\/\/tertuliahijosdelamontana.com\/index.php\/wp-json\/wp\/v2\/pages"}],"about":[{"href":"https:\/\/tertuliahijosdelamontana.com\/index.php\/wp-json\/wp\/v2\/types\/page"}],"author":[{"embeddable":true,"href":"https:\/\/tertuliahijosdelamontana.com\/index.php\/wp-json\/wp\/v2\/users\/1"}],"replies":[{"embeddable":true,"href":"https:\/\/tertuliahijosdelamontana.com\/index.php\/wp-json\/wp\/v2\/comments?post=541"}],"version-history":[{"count":11,"href":"https:\/\/tertuliahijosdelamontana.com\/index.php\/wp-json\/wp\/v2\/pages\/541\/revisions"}],"predecessor-version":[{"id":651,"href":"https:\/\/tertuliahijosdelamontana.com\/index.php\/wp-json\/wp\/v2\/pages\/541\/revisions\/651"}],"wp:attachment":[{"href":"https:\/\/tertuliahijosdelamontana.com\/index.php\/wp-json\/wp\/v2\/media?parent=541"}],"curies":[{"name":"wp","href":"https:\/\/api.w.org\/{rel}","templated":true}]}}