{"id":733,"date":"2023-09-06T13:05:55","date_gmt":"2023-09-06T18:05:55","guid":{"rendered":"https:\/\/tertuliahijosdelamontana.com\/?page_id=733"},"modified":"2024-03-25T18:42:47","modified_gmt":"2024-03-25T23:42:47","slug":"parviando-por-antioquia-cisneros-santo-domingo","status":"publish","type":"page","link":"https:\/\/tertuliahijosdelamontana.com\/index.php\/parviando-por-antioquia-cisneros-santo-domingo\/","title":{"rendered":"Parviando Por Antioquia \u2013 Cisneros"},"content":{"rendered":"\n<div class=\"wp-block-uagb-container uagb-block-d52b6b9a alignfull uagb-is-root-container\"><div class=\"uagb-container-inner-blocks-wrap\">\n<div class=\"wp-block-uagb-advanced-heading uagb-block-751ff93e\"><h1 class=\"uagb-heading-text\">Parviando Por Antioquia \u2013 Cisneros \u2013 Santo Domingo<\/h1><\/div>\n<\/div><\/div>\n\n\n\n<div class=\"wp-block-uagb-container uagb-block-bf7d21ee alignfull uagb-is-root-container\"><div class=\"uagb-container-inner-blocks-wrap\">\n<div class=\"wp-block-uagb-advanced-heading uagb-block-b0abcbfb\"><h2 class=\"uagb-heading-text\">\u201centre los municipios antioque\u00f1os de santo domingo y cisneros hay un territorio hist\u00f3rico\u201d<\/h2><\/div>\n\n\n\n<div class=\"wp-block-columns is-layout-flex wp-container-core-columns-is-layout-28f84493 wp-block-columns-is-layout-flex\">\n<div class=\"wp-block-column is-layout-flow wp-block-column-is-layout-flow\">\n<figure class=\"wp-block-video\"><video controls src=\"https:\/\/tertuliahijosdelamontana.com\/wp-content\/uploads\/2023\/09\/Untitled-1080-\u00d7-1920-px-1.mp4\"><\/video><\/figure>\n<\/div>\n\n\n\n<div class=\"wp-block-column is-layout-flow wp-block-column-is-layout-flow\">\n<figure class=\"wp-block-video\"><video controls src=\"https:\/\/tertuliahijosdelamontana.com\/wp-content\/uploads\/2023\/09\/Untitled-1080-\u00d7-1920-px-2.mp4\"><\/video><\/figure>\n<\/div>\n<\/div>\n\n\n\n<div class=\"wp-block-uagb-container uagb-block-1eb158d0\">\n<div class=\"wp-block-uagb-container uagb-block-e75f11c2\">\n<div class=\"wp-block-uagb-image uagb-block-b7d1f7f2 wp-block-uagb-image--layout-default wp-block-uagb-image--effect-static wp-block-uagb-image--align-none\"><figure class=\"wp-block-uagb-image__figure\"><img loading=\"lazy\" decoding=\"async\" srcset=\"https:\/\/tertuliahijosdelamontana.com\/wp-content\/uploads\/2023\/09\/Untitled-design-9-1-819x1024.png \" sizes=\"auto, (max-width: 480px) 150px\" src=\"https:\/\/tertuliahijosdelamontana.com\/wp-content\/uploads\/2023\/09\/Untitled-design-9-1-819x1024.png\" alt=\"\" class=\"uag-image-753\" width=\"500\" height=\"600\" title=\"\" loading=\"lazy\"\/><\/figure><\/div>\n<\/div>\n\n\n\n<div class=\"wp-block-uagb-container uagb-block-f781848c\">\n<div class=\"wp-block-uagb-image uagb-block-18c389b5 wp-block-uagb-image--layout-default wp-block-uagb-image--effect-static wp-block-uagb-image--align-none\"><figure class=\"wp-block-uagb-image__figure\"><img loading=\"lazy\" decoding=\"async\" srcset=\"https:\/\/tertuliahijosdelamontana.com\/wp-content\/uploads\/2023\/09\/Untitled-design-6-1-819x1024.png \" sizes=\"auto, (max-width: 480px) 150px\" src=\"https:\/\/tertuliahijosdelamontana.com\/wp-content\/uploads\/2023\/09\/Untitled-design-6-1-819x1024.png\" alt=\"\" class=\"uag-image-755\" width=\"500\" height=\"600\" title=\"\" loading=\"lazy\"\/><\/figure><\/div>\n<\/div>\n\n\n\n<div class=\"wp-block-uagb-container uagb-block-93bd76f4\">\n<div class=\"wp-block-uagb-image uagb-block-bed953a1 wp-block-uagb-image--layout-default wp-block-uagb-image--effect-static wp-block-uagb-image--align-none\"><figure class=\"wp-block-uagb-image__figure\"><img loading=\"lazy\" decoding=\"async\" srcset=\"https:\/\/tertuliahijosdelamontana.com\/wp-content\/uploads\/2023\/09\/Untitled-design-10-1-819x1024.png \" sizes=\"auto, (max-width: 480px) 150px\" src=\"https:\/\/tertuliahijosdelamontana.com\/wp-content\/uploads\/2023\/09\/Untitled-design-10-1-819x1024.png\" alt=\"\" class=\"uag-image-754\" width=\"500\" height=\"600\" title=\"\" loading=\"lazy\"\/><\/figure><\/div>\n<\/div>\n<\/div>\n\n\n\n<div class=\"wp-block-uagb-container uagb-block-680801ae\">\n<div class=\"wp-block-uagb-container uagb-block-f83196bf\">\n<div class=\"wp-block-uagb-image uagb-block-3cd10428 wp-block-uagb-image--layout-default wp-block-uagb-image--effect-static wp-block-uagb-image--align-none\"><figure class=\"wp-block-uagb-image__figure\"><img loading=\"lazy\" decoding=\"async\" srcset=\"https:\/\/tertuliahijosdelamontana.com\/wp-content\/uploads\/2023\/09\/Untitled-design-7-1-819x1024.png \" sizes=\"auto, (max-width: 480px) 150px\" src=\"https:\/\/tertuliahijosdelamontana.com\/wp-content\/uploads\/2023\/09\/Untitled-design-7-1-819x1024.png\" alt=\"\" class=\"uag-image-746\" width=\"500\" height=\"600\" title=\"\" loading=\"lazy\"\/><\/figure><\/div>\n<\/div>\n\n\n\n<div class=\"wp-block-uagb-container uagb-block-283509b8\">\n<div class=\"wp-block-uagb-image uagb-block-9073fc67 wp-block-uagb-image--layout-default wp-block-uagb-image--effect-static wp-block-uagb-image--align-none\"><figure class=\"wp-block-uagb-image__figure\"><img loading=\"lazy\" decoding=\"async\" srcset=\"https:\/\/tertuliahijosdelamontana.com\/wp-content\/uploads\/2023\/09\/Untitled-design-8-819x1024.png \" sizes=\"auto, (max-width: 480px) 150px\" src=\"https:\/\/tertuliahijosdelamontana.com\/wp-content\/uploads\/2023\/09\/Untitled-design-8-819x1024.png\" alt=\"\" class=\"uag-image-747\" width=\"500\" height=\"600\" title=\"\" loading=\"lazy\"\/><\/figure><\/div>\n<\/div>\n\n\n\n<div class=\"wp-block-uagb-container uagb-block-1d627aa8\">\n<div class=\"wp-block-uagb-image uagb-block-a8e4cec5 wp-block-uagb-image--layout-default wp-block-uagb-image--effect-static wp-block-uagb-image--align-none\"><figure class=\"wp-block-uagb-image__figure\"><img loading=\"lazy\" decoding=\"async\" srcset=\"https:\/\/tertuliahijosdelamontana.com\/wp-content\/uploads\/2023\/09\/Untitled-design-5-1-819x1024.png \" sizes=\"auto, (max-width: 480px) 150px\" src=\"https:\/\/tertuliahijosdelamontana.com\/wp-content\/uploads\/2023\/09\/Untitled-design-5-1-819x1024.png\" alt=\"\" class=\"uag-image-748\" width=\"500\" height=\"600\" title=\"\" loading=\"lazy\"\/><\/figure><\/div>\n<\/div>\n<\/div>\n\n\n\n<div class=\"wp-block-uagb-container uagb-block-3cab97f0\">\n<div class=\"wp-block-uagb-container uagb-block-82f73d2b\">\n<div class=\"wp-block-uagb-image uagb-block-048f04d0 wp-block-uagb-image--layout-default wp-block-uagb-image--effect-static wp-block-uagb-image--align-none\"><figure class=\"wp-block-uagb-image__figure\"><img loading=\"lazy\" decoding=\"async\" srcset=\"https:\/\/tertuliahijosdelamontana.com\/wp-content\/uploads\/2023\/09\/Untitled-design-11-819x1024.png \" sizes=\"auto, (max-width: 480px) 150px\" src=\"https:\/\/tertuliahijosdelamontana.com\/wp-content\/uploads\/2023\/09\/Untitled-design-11-819x1024.png\" alt=\"\" class=\"uag-image-751\" width=\"500\" height=\"600\" title=\"\" loading=\"lazy\"\/><\/figure><\/div>\n<\/div>\n\n\n\n<div class=\"wp-block-uagb-container uagb-block-23ea37c9\">\n<div class=\"wp-block-uagb-image uagb-block-29ed91f7 wp-block-uagb-image--layout-default wp-block-uagb-image--effect-static wp-block-uagb-image--align-none\"><figure class=\"wp-block-uagb-image__figure\"><img loading=\"lazy\" decoding=\"async\" srcset=\"https:\/\/tertuliahijosdelamontana.com\/wp-content\/uploads\/2023\/09\/Untitled-design-12-819x1024.png \" sizes=\"auto, (max-width: 480px) 150px\" src=\"https:\/\/tertuliahijosdelamontana.com\/wp-content\/uploads\/2023\/09\/Untitled-design-12-819x1024.png\" alt=\"\" class=\"uag-image-750\" width=\"500\" height=\"600\" title=\"\" loading=\"lazy\"\/><\/figure><\/div>\n<\/div>\n\n\n\n<div class=\"wp-block-uagb-container uagb-block-f577d51f\">\n<div class=\"wp-block-uagb-image uagb-block-addc1abe wp-block-uagb-image--layout-default wp-block-uagb-image--effect-static wp-block-uagb-image--align-none\"><figure class=\"wp-block-uagb-image__figure\"><img loading=\"lazy\" decoding=\"async\" srcset=\"https:\/\/tertuliahijosdelamontana.com\/wp-content\/uploads\/2023\/09\/Untitled-design-13-819x1024.png \" sizes=\"auto, (max-width: 480px) 150px\" src=\"https:\/\/tertuliahijosdelamontana.com\/wp-content\/uploads\/2023\/09\/Untitled-design-13-819x1024.png\" alt=\"\" class=\"uag-image-749\" width=\"500\" height=\"600\" title=\"\" loading=\"lazy\"\/><\/figure><\/div>\n<\/div>\n<\/div>\n<\/div><\/div>\n\n\n\n<h2 class=\"wp-block-heading has-text-align-center\"><strong>La tumba del visionario<\/strong> &#8211; <strong>El honorable antioque\u00f1o Alejandro L\u00f3pez Restrepo\u2026<\/strong><\/h2>\n\n\n\n<div class=\"wp-block-columns is-layout-flex wp-container-core-columns-is-layout-28f84493 wp-block-columns-is-layout-flex\">\n<div class=\"wp-block-column is-layout-flow wp-block-column-is-layout-flow\">\n<h3 class=\"wp-block-heading\">Version Espa\u00f1ol<\/h3>\n\n\n\n<p>Naci\u00f3 en Medell\u00edn en 1876 y muri\u00f3 en Fusagasug\u00e1, Cundinamarca, en 1940, pero su cuerpo yace enterrado aqu\u00ed, en el t\u00fanel de La Quiebra, de Santo Domingo, Antioquia.<\/p>\n\n\n\n<p>El cortejo f\u00fanebre multitudinario se desplazaba lento, mientras las campanas de la iglesia en Santiago sonaban con asombro y melancol\u00eda anunciando el deceso de uno de los m\u00e1s destacados hijos de estas tierras.&nbsp; A los 64 a\u00f1os de edad, tras una corta vida y una larga y brillante trayectoria profesional e intelectual, muri\u00f3 el ingeniero Alejandro L\u00f3pez. Su \u00faltimo deseo fue ser enterrado en su obra cumbre: el t\u00fanel de La Quiebra.&nbsp;<\/p>\n\n\n\n<p>Antes del t\u00fanel de La Quiebra, aquel novedoso sistema de transporte por ferrocarril (el Ferrocarril de Antioquia), cuya construcci\u00f3n comenz\u00f3 en 1875, era un dolor de cabeza de alto impacto econ\u00f3mico, puesto que personal y mercanc\u00edas deb\u00edan ser traspasados en mulas y carros hacia la otra parte de la impenetrable monta\u00f1a de La Quiebra, hasta que, en 1899, el entonces estudiante de Ingenier\u00eda de la Universidad de Antioquia dise\u00f1\u00f3 la soluci\u00f3n correcta: un t\u00fanel.<\/p>\n\n\n\n<p>Muchas variables debieron converger: el liderazgo del presidente antioque\u00f1o Pedro Nel Ospina, el conocimiento del ingeniero L\u00f3pez, la confianza pol\u00edtica y t\u00e9cnica, y el dinero suficiente (entregado por Estados Unidos como indemnizaci\u00f3n por haberse apropiado indebidamente de Panam\u00e1, antiguo territorio de Colombia). Fue contratada en el a\u00f1o 1926 la firma canadiense Frasser, Bracer &amp; Co. para la construcci\u00f3n de un t\u00fanel de 3742 metros, a un costo de tres millones de d\u00f3lares. Instalaron una planta hidroel\u00e9ctrica de mil kilovatios y motores di\u00e9sel de petr\u00f3leo, y usaron taladros de aire comprimido y maquinaria pesada para remoci\u00f3n de tierra que causaron admiraci\u00f3n por la novedad tecnol\u00f3gica.<\/p>\n\n\n\n<p>El 7 de agosto de 1929 fue inaugurado el t\u00fanel de La Quiebra. Lleg\u00f3 a ser, con sus tres y medio kil\u00f3metros de largo, el segundo en Am\u00e9rica Latina y el s\u00e9ptimo del mundo, y le permiti\u00f3 a Antioquia un nuevo logro: &nbsp;una conexi\u00f3n r\u00e1pida y eficiente con el r\u00edo Magdalena tras la conquista de la monta\u00f1a invencible.&nbsp;<\/p>\n\n\n\n<p><strong>Usted est\u00e1 aqu\u00ed, en la tumba del visionario<\/strong><\/p>\n\n\n\n<p>Le solicitamos contemplaci\u00f3n y respeto<\/p>\n\n\n\n<p><strong>Gloria In\u00e9s Montoya Mej\u00eda<\/strong><\/p>\n<\/div>\n\n\n\n<div class=\"wp-block-column is-layout-flow wp-block-column-is-layout-flow\">\n<h3 class=\"wp-block-heading\">Version Ingl\u00e9s<\/h3>\n\n\n\n<p>He was born in Medell\u00edn in 1876 and died in Fusagasug\u00e1, Cundinamarca, in 1940, but his body lies buried here, in the \u2018Tunnel of La Quiebra\u2019, in Santo Domingo, Antioquia.<\/p>\n\n\n\n<p>The multitudinous funeral procession moved slowly, while the bells of the church in Santiago rang with astonishment and melancholy announcing the passing of one of the most outstanding sons of these lands. At the age of 64, after a short life and a long and brilliant professional and intellectual career, the engineer Alejandro L\u00f3pez died. His last wish was to be buried in his greatest work: La \u2018Quiebra Tunnel\u2019.<\/p>\n\n\n\n<p>Before \u2018La Quiebra Tunnel\u2019, that novel railroad transportation system (the Antioquia Railroad), whose construction began in 1875, was a headache of high economic impact, since personnel and goods had to be transported by mules and wagons to the other side of the impenetrable \u2018La Quiebra\u2019 mountain. This happened until 1899, when the then engineering student of the University of Antioquia designed the right solution: a \u2018tunnel\u2019.<\/p>\n\n\n\n<p>Many variables had to converge: the leadership of Antioquian president Pedro Nel Ospina, the knowledge of the engineer L\u00f3pez, political and technical trust, and enough money (given by the United States as compensation for having misappropriated Panama, a former Colombian territory). The Canadian firm Frasser, Bracer &amp; Co. was contracted in 1926 to build the tunnel of 3,742 meters, at a cost of three million dollars. They installed a hydroelectric plant of one thousand kilowatts and diesel oil engines, and used compressed air drills and heavy machinery for earth removal that caused admiration for the technological innovation.<\/p>\n\n\n\n<p>On August 7, 1929, the \u2018La Quiebra Tunnel\u2019 was inaugurated. With three and a half kilometers long, the tunnel became the second in Latin America and the seventh in the world. It allowed Antioquia to reach a new achievement: a fast and efficient connection with the Magdalena River after the conquest of the invincible mountain.&nbsp;<\/p>\n\n\n\n<p><strong>You are here, at the tomb of the visionary<\/strong><\/p>\n\n\n\n<p>We ask for your contemplation and respect<\/p>\n\n\n\n<p><strong>Gloria In\u00e9s Montoya Mej\u00eda<\/strong><\/p>\n<\/div>\n<\/div>\n","protected":false},"excerpt":{"rendered":"<p>Parviando Por Antioquia \u2013 Cisneros \u2013 Santo Domingo \u201centre los municipios antioque\u00f1os de santo domingo y cisneros hay un territorio hist\u00f3rico\u201d La tumba del visionario &#8211; El honorable antioque\u00f1o Alejandro L\u00f3pez Restrepo\u2026 Version Espa\u00f1ol Naci\u00f3 en Medell\u00edn en 1876 y muri\u00f3 en Fusagasug\u00e1, Cundinamarca, en 1940, pero su cuerpo yace enterrado aqu\u00ed, en el t\u00fanel &hellip;<\/p>\n<p class=\"read-more\"> <a class=\"\" href=\"https:\/\/tertuliahijosdelamontana.com\/index.php\/parviando-por-antioquia-cisneros-santo-domingo\/\"> <span class=\"screen-reader-text\">Parviando Por Antioquia \u2013 Cisneros<\/span> Read More &raquo;<\/a><\/p>\n","protected":false},"author":1,"featured_media":0,"parent":0,"menu_order":0,"comment_status":"closed","ping_status":"closed","template":"","meta":{"_uag_custom_page_level_css":"","site-sidebar-layout":"default","site-content-layout":"","ast-site-content-layout":"default","site-content-style":"default","site-sidebar-style":"default","ast-global-header-display":"","ast-banner-title-visibility":"","ast-main-header-display":"","ast-hfb-above-header-display":"","ast-hfb-below-header-display":"","ast-hfb-mobile-header-display":"","site-post-title":"disabled","ast-breadcrumbs-content":"","ast-featured-img":"","footer-sml-layout":"","theme-transparent-header-meta":"","adv-header-id-meta":"","stick-header-meta":"","header-above-stick-meta":"","header-main-stick-meta":"","header-below-stick-meta":"","astra-migrate-meta-layouts":"set","footnotes":""},"class_list":["post-733","page","type-page","status-publish","hentry"],"uagb_featured_image_src":{"full":false,"thumbnail":false,"medium":false,"medium_large":false,"large":false,"1536x1536":false,"2048x2048":false},"uagb_author_info":{"display_name":"tertuliahijosdelamontana.com","author_link":"https:\/\/tertuliahijosdelamontana.com\/index.php\/author\/tertuliahijosdelamontana-com\/"},"uagb_comment_info":0,"uagb_excerpt":"Parviando Por Antioquia \u2013 Cisneros \u2013 Santo Domingo \u201centre los municipios antioque\u00f1os de santo domingo y cisneros hay un territorio hist\u00f3rico\u201d La tumba del visionario &#8211; El honorable antioque\u00f1o Alejandro L\u00f3pez Restrepo\u2026 Version Espa\u00f1ol Naci\u00f3 en Medell\u00edn en 1876 y muri\u00f3 en Fusagasug\u00e1, Cundinamarca, en 1940, pero su cuerpo yace enterrado aqu\u00ed, en el t\u00fanel&hellip;","_links":{"self":[{"href":"https:\/\/tertuliahijosdelamontana.com\/index.php\/wp-json\/wp\/v2\/pages\/733","targetHints":{"allow":["GET"]}}],"collection":[{"href":"https:\/\/tertuliahijosdelamontana.com\/index.php\/wp-json\/wp\/v2\/pages"}],"about":[{"href":"https:\/\/tertuliahijosdelamontana.com\/index.php\/wp-json\/wp\/v2\/types\/page"}],"author":[{"embeddable":true,"href":"https:\/\/tertuliahijosdelamontana.com\/index.php\/wp-json\/wp\/v2\/users\/1"}],"replies":[{"embeddable":true,"href":"https:\/\/tertuliahijosdelamontana.com\/index.php\/wp-json\/wp\/v2\/comments?post=733"}],"version-history":[{"count":6,"href":"https:\/\/tertuliahijosdelamontana.com\/index.php\/wp-json\/wp\/v2\/pages\/733\/revisions"}],"predecessor-version":[{"id":805,"href":"https:\/\/tertuliahijosdelamontana.com\/index.php\/wp-json\/wp\/v2\/pages\/733\/revisions\/805"}],"wp:attachment":[{"href":"https:\/\/tertuliahijosdelamontana.com\/index.php\/wp-json\/wp\/v2\/media?parent=733"}],"curies":[{"name":"wp","href":"https:\/\/api.w.org\/{rel}","templated":true}]}}